{"id":512,"date":"2025-02-13T18:01:53","date_gmt":"2025-02-13T18:01:53","guid":{"rendered":"https:\/\/shoah.you2.pl\/?page_id=512"},"modified":"2025-03-01T23:44:21","modified_gmt":"2025-03-01T23:44:21","slug":"sfotografowane-miejsca","status":"publish","type":"page","link":"https:\/\/shoah.art\/index.php\/sfotografowane-miejsca\/","title":{"rendered":"Sfotografowane miejsca"},"content":{"rendered":"\t\t<div data-elementor-type=\"wp-page\" data-elementor-id=\"512\" class=\"elementor elementor-512\">\n\t\t\t\t<div class=\"elementor-element elementor-element-6b1632f e-con-full e-flex e-con e-parent\" data-id=\"6b1632f\" data-element_type=\"container\" data-e-type=\"container\" data-settings=\"{&quot;background_background&quot;:&quot;classic&quot;}\">\n\t\t<div class=\"elementor-element elementor-element-a832480 e-con-full e-flex e-con e-child\" data-id=\"a832480\" data-element_type=\"container\" data-e-type=\"container\">\n\t\t\t\t<div class=\"elementor-element elementor-element-4d26f11 elementor-widget__width-initial elementor-widget-mobile__width-initial hfe-nav-menu__align-left hfe-submenu-icon-arrow hfe-submenu-animation-none hfe-link-redirect-child hfe-nav-menu__breakpoint-tablet elementor-widget elementor-widget-navigation-menu\" data-id=\"4d26f11\" data-element_type=\"widget\" data-e-type=\"widget\" data-settings=\"{&quot;toggle_border_width_mobile&quot;:{&quot;unit&quot;:&quot;px&quot;,&quot;size&quot;:0,&quot;sizes&quot;:[]},&quot;toggle_border_radius_mobile&quot;:{&quot;unit&quot;:&quot;px&quot;,&quot;size&quot;:0,&quot;sizes&quot;:[]},&quot;padding_horizontal_menu_item&quot;:{&quot;unit&quot;:&quot;px&quot;,&quot;size&quot;:11,&quot;sizes&quot;:[]},&quot;menu_space_between&quot;:{&quot;unit&quot;:&quot;px&quot;,&quot;size&quot;:0,&quot;sizes&quot;:[]},&quot;padding_horizontal_menu_item_tablet&quot;:{&quot;unit&quot;:&quot;px&quot;,&quot;size&quot;:&quot;&quot;,&quot;sizes&quot;:[]},&quot;padding_horizontal_menu_item_mobile&quot;:{&quot;unit&quot;:&quot;px&quot;,&quot;size&quot;:&quot;&quot;,&quot;sizes&quot;:[]},&quot;padding_vertical_menu_item&quot;:{&quot;unit&quot;:&quot;px&quot;,&quot;size&quot;:15,&quot;sizes&quot;:[]},&quot;padding_vertical_menu_item_tablet&quot;:{&quot;unit&quot;:&quot;px&quot;,&quot;size&quot;:&quot;&quot;,&quot;sizes&quot;:[]},&quot;padding_vertical_menu_item_mobile&quot;:{&quot;unit&quot;:&quot;px&quot;,&quot;size&quot;:&quot;&quot;,&quot;sizes&quot;:[]},&quot;menu_space_between_tablet&quot;:{&quot;unit&quot;:&quot;px&quot;,&quot;size&quot;:&quot;&quot;,&quot;sizes&quot;:[]},&quot;menu_space_between_mobile&quot;:{&quot;unit&quot;:&quot;px&quot;,&quot;size&quot;:&quot;&quot;,&quot;sizes&quot;:[]},&quot;menu_row_space&quot;:{&quot;unit&quot;:&quot;px&quot;,&quot;size&quot;:&quot;&quot;,&quot;sizes&quot;:[]},&quot;menu_row_space_tablet&quot;:{&quot;unit&quot;:&quot;px&quot;,&quot;size&quot;:&quot;&quot;,&quot;sizes&quot;:[]},&quot;menu_row_space_mobile&quot;:{&quot;unit&quot;:&quot;px&quot;,&quot;size&quot;:&quot;&quot;,&quot;sizes&quot;:[]},&quot;dropdown_border_radius&quot;:{&quot;unit&quot;:&quot;px&quot;,&quot;top&quot;:&quot;&quot;,&quot;right&quot;:&quot;&quot;,&quot;bottom&quot;:&quot;&quot;,&quot;left&quot;:&quot;&quot;,&quot;isLinked&quot;:true},&quot;dropdown_border_radius_tablet&quot;:{&quot;unit&quot;:&quot;px&quot;,&quot;top&quot;:&quot;&quot;,&quot;right&quot;:&quot;&quot;,&quot;bottom&quot;:&quot;&quot;,&quot;left&quot;:&quot;&quot;,&quot;isLinked&quot;:true},&quot;dropdown_border_radius_mobile&quot;:{&quot;unit&quot;:&quot;px&quot;,&quot;top&quot;:&quot;&quot;,&quot;right&quot;:&quot;&quot;,&quot;bottom&quot;:&quot;&quot;,&quot;left&quot;:&quot;&quot;,&quot;isLinked&quot;:true},&quot;width_dropdown_item&quot;:{&quot;unit&quot;:&quot;px&quot;,&quot;size&quot;:&quot;220&quot;,&quot;sizes&quot;:[]},&quot;width_dropdown_item_tablet&quot;:{&quot;unit&quot;:&quot;px&quot;,&quot;size&quot;:&quot;&quot;,&quot;sizes&quot;:[]},&quot;width_dropdown_item_mobile&quot;:{&quot;unit&quot;:&quot;px&quot;,&quot;size&quot;:&quot;&quot;,&quot;sizes&quot;:[]},&quot;padding_horizontal_dropdown_item&quot;:{&quot;unit&quot;:&quot;px&quot;,&quot;size&quot;:&quot;&quot;,&quot;sizes&quot;:[]},&quot;padding_horizontal_dropdown_item_tablet&quot;:{&quot;unit&quot;:&quot;px&quot;,&quot;size&quot;:&quot;&quot;,&quot;sizes&quot;:[]},&quot;padding_horizontal_dropdown_item_mobile&quot;:{&quot;unit&quot;:&quot;px&quot;,&quot;size&quot;:&quot;&quot;,&quot;sizes&quot;:[]},&quot;padding_vertical_dropdown_item&quot;:{&quot;unit&quot;:&quot;px&quot;,&quot;size&quot;:15,&quot;sizes&quot;:[]},&quot;padding_vertical_dropdown_item_tablet&quot;:{&quot;unit&quot;:&quot;px&quot;,&quot;size&quot;:&quot;&quot;,&quot;sizes&quot;:[]},&quot;padding_vertical_dropdown_item_mobile&quot;:{&quot;unit&quot;:&quot;px&quot;,&quot;size&quot;:&quot;&quot;,&quot;sizes&quot;:[]},&quot;distance_from_menu&quot;:{&quot;unit&quot;:&quot;px&quot;,&quot;size&quot;:&quot;&quot;,&quot;sizes&quot;:[]},&quot;distance_from_menu_tablet&quot;:{&quot;unit&quot;:&quot;px&quot;,&quot;size&quot;:&quot;&quot;,&quot;sizes&quot;:[]},&quot;distance_from_menu_mobile&quot;:{&quot;unit&quot;:&quot;px&quot;,&quot;size&quot;:&quot;&quot;,&quot;sizes&quot;:[]},&quot;toggle_size&quot;:{&quot;unit&quot;:&quot;px&quot;,&quot;size&quot;:&quot;&quot;,&quot;sizes&quot;:[]},&quot;toggle_size_tablet&quot;:{&quot;unit&quot;:&quot;px&quot;,&quot;size&quot;:&quot;&quot;,&quot;sizes&quot;:[]},&quot;toggle_size_mobile&quot;:{&quot;unit&quot;:&quot;px&quot;,&quot;size&quot;:&quot;&quot;,&quot;sizes&quot;:[]},&quot;toggle_border_width&quot;:{&quot;unit&quot;:&quot;px&quot;,&quot;size&quot;:&quot;&quot;,&quot;sizes&quot;:[]},&quot;toggle_border_width_tablet&quot;:{&quot;unit&quot;:&quot;px&quot;,&quot;size&quot;:&quot;&quot;,&quot;sizes&quot;:[]},&quot;toggle_border_radius&quot;:{&quot;unit&quot;:&quot;px&quot;,&quot;size&quot;:&quot;&quot;,&quot;sizes&quot;:[]},&quot;toggle_border_radius_tablet&quot;:{&quot;unit&quot;:&quot;px&quot;,&quot;size&quot;:&quot;&quot;,&quot;sizes&quot;:[]}}\" data-widget_type=\"navigation-menu.default\">\n\t\t\t\t<div class=\"elementor-widget-container\">\n\t\t\t\t\t\t\t\t<div class=\"hfe-nav-menu hfe-layout-horizontal hfe-nav-menu-layout horizontal hfe-pointer__none\" data-layout=\"horizontal\">\n\t\t\t\t<div role=\"button\" class=\"hfe-nav-menu__toggle elementor-clickable\">\n\t\t\t\t\t<span class=\"screen-reader-text\">Menu<\/span>\n\t\t\t\t\t<div class=\"hfe-nav-menu-icon\">\n\t\t\t\t\t\t<svg aria-hidden=\"true\"  class=\"e-font-icon-svg e-fas-grip-lines\" viewBox=\"0 0 512 512\" xmlns=\"http:\/\/www.w3.org\/2000\/svg\"><path d=\"M496 288H16c-8.8 0-16 7.2-16 16v32c0 8.8 7.2 16 16 16h480c8.8 0 16-7.2 16-16v-32c0-8.8-7.2-16-16-16zm0-128H16c-8.8 0-16 7.2-16 16v32c0 8.8 7.2 16 16 16h480c8.8 0 16-7.2 16-16v-32c0-8.8-7.2-16-16-16z\"><\/path><\/svg>\t\t\t\t\t<\/div>\n\t\t\t\t<\/div>\n\t\t\t\t<nav class=\"hfe-nav-menu__layout-horizontal hfe-nav-menu__submenu-arrow\" data-toggle-icon=\"&lt;svg aria-hidden=&quot;true&quot; tabindex=&quot;0&quot; class=&quot;e-font-icon-svg e-fas-grip-lines&quot; viewBox=&quot;0 0 512 512&quot; xmlns=&quot;http:\/\/www.w3.org\/2000\/svg&quot;&gt;&lt;path d=&quot;M496 288H16c-8.8 0-16 7.2-16 16v32c0 8.8 7.2 16 16 16h480c8.8 0 16-7.2 16-16v-32c0-8.8-7.2-16-16-16zm0-128H16c-8.8 0-16 7.2-16 16v32c0 8.8 7.2 16 16 16h480c8.8 0 16-7.2 16-16v-32c0-8.8-7.2-16-16-16z&quot;&gt;&lt;\/path&gt;&lt;\/svg&gt;\" data-close-icon=\"&lt;svg aria-hidden=&quot;true&quot; tabindex=&quot;0&quot; class=&quot;e-font-icon-svg e-far-window-close&quot; viewBox=&quot;0 0 512 512&quot; xmlns=&quot;http:\/\/www.w3.org\/2000\/svg&quot;&gt;&lt;path d=&quot;M464 32H48C21.5 32 0 53.5 0 80v352c0 26.5 21.5 48 48 48h416c26.5 0 48-21.5 48-48V80c0-26.5-21.5-48-48-48zm0 394c0 3.3-2.7 6-6 6H54c-3.3 0-6-2.7-6-6V86c0-3.3 2.7-6 6-6h404c3.3 0 6 2.7 6 6v340zM356.5 194.6L295.1 256l61.4 61.4c4.6 4.6 4.6 12.1 0 16.8l-22.3 22.3c-4.6 4.6-12.1 4.6-16.8 0L256 295.1l-61.4 61.4c-4.6 4.6-12.1 4.6-16.8 0l-22.3-22.3c-4.6-4.6-4.6-12.1 0-16.8l61.4-61.4-61.4-61.4c-4.6-4.6-4.6-12.1 0-16.8l22.3-22.3c4.6-4.6 12.1-4.6 16.8 0l61.4 61.4 61.4-61.4c4.6-4.6 12.1-4.6 16.8 0l22.3 22.3c4.7 4.6 4.7 12.1 0 16.8z&quot;&gt;&lt;\/path&gt;&lt;\/svg&gt;\" data-full-width=\"\">\n\t\t\t\t\t<ul id=\"menu-1-4d26f11\" class=\"hfe-nav-menu\"><li id=\"menu-item-1258\" class=\"menu-item menu-item-type-post_type menu-item-object-page parent hfe-creative-menu\"><a href=\"https:\/\/shoah.art\/index.php\/home-pl\/\" class = \"hfe-menu-item\">Strona G\u0142\u00f3wna<\/a><\/li>\n<li id=\"menu-item-266\" class=\"menu-item menu-item-type-post_type menu-item-object-page parent hfe-creative-menu\"><a href=\"https:\/\/shoah.art\/index.php\/o-shoah\/\" class = \"hfe-menu-item\">O Shoah<\/a><\/li>\n<li id=\"menu-item-305\" class=\"menu-item menu-item-type-post_type menu-item-object-page menu-item-has-children parent hfe-has-submenu hfe-creative-menu\"><div class=\"hfe-has-submenu-container\"><a aria-expanded=\"false\" href=\"https:\/\/shoah.art\/index.php\/refotografowanie-shoah\/\" class = \"hfe-menu-item\">Refotografowanie Shoah<span class='hfe-menu-toggle sub-arrow hfe-menu-child-0'><i class='fa'><\/i><\/span><\/a><\/div>\n<ul class=\"sub-menu\">\n\t<li id=\"menu-item-362\" class=\"menu-item menu-item-type-post_type menu-item-object-page hfe-creative-menu\"><a href=\"https:\/\/shoah.art\/index.php\/rozdzial-pierwszy\/\" class = \"hfe-sub-menu-item\">Rozdzia\u0142 pierwszy<\/a><\/li>\n\t<li id=\"menu-item-944\" class=\"menu-item menu-item-type-post_type menu-item-object-page hfe-creative-menu\"><a href=\"https:\/\/shoah.art\/index.php\/rozdzial-drugi\/\" class = \"hfe-sub-menu-item\">Rozdzia\u0142 drugi<\/a><\/li>\n<\/ul>\n<\/li>\n<li id=\"menu-item-341\" class=\"menu-item menu-item-type-post_type menu-item-object-page parent hfe-creative-menu\"><a href=\"https:\/\/shoah.art\/index.php\/biogramy\/\" class = \"hfe-menu-item\">Biogramy<\/a><\/li>\n<li id=\"menu-item-513\" class=\"menu-item menu-item-type-post_type menu-item-object-page parent hfe-creative-menu\"><a href=\"https:\/\/shoah.art\/index.php\/sfotografowane-miejsca\/\" class = \"hfe-menu-item\">Sfotografowane miejsca<\/a><\/li>\n<li id=\"menu-item-527\" class=\"menu-item menu-item-type-post_type menu-item-object-page parent hfe-creative-menu\"><a href=\"https:\/\/shoah.art\/index.php\/podziekowania\/\" class = \"hfe-menu-item\">Podzi\u0119kowania<\/a><\/li>\n<li id=\"menu-item-540\" class=\"menu-item menu-item-type-post_type menu-item-object-page parent hfe-creative-menu\"><a href=\"https:\/\/shoah.art\/index.php\/kontakt\/\" class = \"hfe-menu-item\">Kontakt<\/a><\/li>\n<li id=\"menu-item-1071\" class=\"menu-item menu-item-type-post_type menu-item-object-page parent hfe-creative-menu\"><a href=\"https:\/\/shoah.art\/index.php\/media-pl\/\" class = \"hfe-menu-item\">Media<\/a><\/li>\n<\/ul> \n\t\t\t\t<\/nav>\n\t\t\t<\/div>\n\t\t\t\t\t\t\t<\/div>\n\t\t\t\t<\/div>\n\t\t\t\t<\/div>\n\t\t<div class=\"elementor-element elementor-element-8682f2c e-con-full e-flex e-con e-child\" data-id=\"8682f2c\" data-element_type=\"container\" data-e-type=\"container\" data-settings=\"{&quot;background_background&quot;:&quot;classic&quot;}\">\n\t\t\t\t<div class=\"elementor-element elementor-element-6c49214 elementor-widget elementor-widget-button\" data-id=\"6c49214\" data-element_type=\"widget\" data-e-type=\"widget\" data-widget_type=\"button.default\">\n\t\t\t\t<div class=\"elementor-widget-container\">\n\t\t\t\t\t\t\t\t\t<div class=\"elementor-button-wrapper\">\n\t\t\t\t\t<a class=\"elementor-button elementor-button-link elementor-size-sm\" href=\"https:\/\/shoah.art\/index.php\/photographed-sites\/\">\n\t\t\t\t\t\t<span class=\"elementor-button-content-wrapper\">\n\t\t\t\t\t\t\t\t\t<span class=\"elementor-button-text\">EN<\/span>\n\t\t\t\t\t<\/span>\n\t\t\t\t\t<\/a>\n\t\t\t\t<\/div>\n\t\t\t\t\t\t\t\t<\/div>\n\t\t\t\t<\/div>\n\t\t\t\t<\/div>\n\t\t\t\t<\/div>\n\t\t<div class=\"elementor-element elementor-element-bfb4960 e-flex e-con-boxed e-con e-parent\" data-id=\"bfb4960\" data-element_type=\"container\" data-e-type=\"container\">\n\t\t\t\t\t<div class=\"e-con-inner\">\n\t\t<div class=\"elementor-element elementor-element-e5778a2 e-con-full e-flex e-con e-child\" data-id=\"e5778a2\" data-element_type=\"container\" data-e-type=\"container\">\n\t\t\t\t<div class=\"elementor-element elementor-element-f220549 elementor-widget elementor-widget-spacer\" data-id=\"f220549\" data-element_type=\"widget\" data-e-type=\"widget\" data-widget_type=\"spacer.default\">\n\t\t\t\t<div class=\"elementor-widget-container\">\n\t\t\t\t\t\t\t<div class=\"elementor-spacer\">\n\t\t\t<div class=\"elementor-spacer-inner\"><\/div>\n\t\t<\/div>\n\t\t\t\t\t\t<\/div>\n\t\t\t\t<\/div>\n\t\t\t\t<div class=\"elementor-element elementor-element-58dc563 elementor-widget elementor-widget-heading\" data-id=\"58dc563\" data-element_type=\"widget\" data-e-type=\"widget\" data-widget_type=\"heading.default\">\n\t\t\t\t<div class=\"elementor-widget-container\">\n\t\t\t\t\t<h2 class=\"elementor-heading-title elementor-size-default\">Sfotografowane miejsca<\/h2>\t\t\t\t<\/div>\n\t\t\t\t<\/div>\n\t\t\t\t<\/div>\n\t\t\t\t\t<\/div>\n\t\t\t\t<\/div>\n\t\t<div class=\"elementor-element elementor-element-46d1e67 e-flex e-con-boxed e-con e-parent\" data-id=\"46d1e67\" data-element_type=\"container\" data-e-type=\"container\">\n\t\t\t\t\t<div class=\"e-con-inner\">\n\t\t<div class=\"elementor-element elementor-element-988da93 e-con-full e-flex e-con e-child\" data-id=\"988da93\" data-element_type=\"container\" data-e-type=\"container\">\n\t\t\t\t<div class=\"elementor-element elementor-element-2eb53ca elementor-widget elementor-widget-spacer\" data-id=\"2eb53ca\" data-element_type=\"widget\" data-e-type=\"widget\" data-widget_type=\"spacer.default\">\n\t\t\t\t<div class=\"elementor-widget-container\">\n\t\t\t\t\t\t\t<div class=\"elementor-spacer\">\n\t\t\t<div class=\"elementor-spacer-inner\"><\/div>\n\t\t<\/div>\n\t\t\t\t\t\t<\/div>\n\t\t\t\t<\/div>\n\t\t\t\t<div class=\"elementor-element elementor-element-636a61f elementor-widget__width-initial elementor-widget elementor-widget-text-editor\" data-id=\"636a61f\" data-element_type=\"widget\" data-e-type=\"widget\" data-widget_type=\"text-editor.default\">\n\t\t\t\t<div class=\"elementor-widget-container\">\n\t\t\t\t\t\t\t\t\t<p><b>Che\u0142mno nad Nerem<\/b> \u2013 wie\u015b w Wielkopolsce, lokalizacja obozu Kulmhof, gdzie \u017byd\u00f3w zabijano w ci\u0119\u017car\u00f3wkach przerobionych na komory gazowe. Uj\u0119cia zrealizowano na rzece Ner, przed ko\u015bcio\u0142em Narodzenia Naj\u015bwi\u0119tszej Marii Panny i w jego wn\u0119trzu, na podw\u00f3rku gminnej sp\u00f3\u0142dzielni obok ko\u015bcio\u0142a, na drodze ze wsi do Lasu Rzuchowskiego oraz na polanie w tym lesie<\/p>\t\t\t\t\t\t\t\t<\/div>\n\t\t\t\t<\/div>\n\t\t\t\t<div class=\"elementor-element elementor-element-46a88bc elementor-widget elementor-widget-spacer\" data-id=\"46a88bc\" data-element_type=\"widget\" data-e-type=\"widget\" data-widget_type=\"spacer.default\">\n\t\t\t\t<div class=\"elementor-widget-container\">\n\t\t\t\t\t\t\t<div class=\"elementor-spacer\">\n\t\t\t<div class=\"elementor-spacer-inner\"><\/div>\n\t\t<\/div>\n\t\t\t\t\t\t<\/div>\n\t\t\t\t<\/div>\n\t\t\t\t<div class=\"elementor-element elementor-element-68fdfce elementor-widget__width-initial elementor-widget elementor-widget-text-editor\" data-id=\"68fdfce\" data-element_type=\"widget\" data-e-type=\"widget\" data-widget_type=\"text-editor.default\">\n\t\t\t\t<div class=\"elementor-widget-container\">\n\t\t\t\t\t\t\t\t\t<p class=\"p1\"><b>Treblinka<\/b> \u2013 wie\u015b na trasie cz\u0119\u015bciowo rozebranej linii kolejowej z Ostro\u0142\u0119ki do Siedlec. Na bocznicy w Treblince wagony z ofiarami czeka\u0142y na przepchni\u0119cie do obozu zag\u0142ady. Jimmy Glasberg filmowa\u0142 z w\u0119glarki i kabiny lokomotywy Ty2 w ruchu oraz zarejestrowa\u0142 wjazd poci\u0105gu na stacj\u0119, wywiad z Henrykiem Gawkowskim na nieruchomej lokomotywie, rozmowy z mieszka\u0144cami Treblinki, Poniatowa i W\u00f3lki Okr\u0105glik, panoramy by\u0142ego obozu i przejazd poci\u0105gu mostem kolejowo-drogowym na tle zachodu s\u0142o\u0144ca<\/p>\t\t\t\t\t\t\t\t<\/div>\n\t\t\t\t<\/div>\n\t\t\t\t<div class=\"elementor-element elementor-element-b28a275 elementor-widget elementor-widget-spacer\" data-id=\"b28a275\" data-element_type=\"widget\" data-e-type=\"widget\" data-widget_type=\"spacer.default\">\n\t\t\t\t<div class=\"elementor-widget-container\">\n\t\t\t\t\t\t\t<div class=\"elementor-spacer\">\n\t\t\t<div class=\"elementor-spacer-inner\"><\/div>\n\t\t<\/div>\n\t\t\t\t\t\t<\/div>\n\t\t\t\t<\/div>\n\t\t\t\t<div class=\"elementor-element elementor-element-dffff71 elementor-widget__width-initial elementor-widget elementor-widget-text-editor\" data-id=\"dffff71\" data-element_type=\"widget\" data-e-type=\"widget\" data-widget_type=\"text-editor.default\">\n\t\t\t\t<div class=\"elementor-widget-container\">\n\t\t\t\t\t\t\t\t\t<p class=\"p1\"><b>Sobib\u00f3r<\/b> \u2013 wie\u015b w okolicy W\u0142odawy, ob\u00f3z zag\u0142ady naprzeciw budynku stacji kolejowej. W filmie ogl\u0105damy szwenki z nieistniej\u0105cej ju\u017c wie\u017cy przeciwpo\u017carowej, uj\u0119cia z r\u0119ki pod\u0105\u017caj\u0105ce za Lanzmannem, t\u0142umaczk\u0105 Barbar\u0105 Janick\u0105 i Janem Piwo\u0144skim oraz plany og\u00f3lne i zbli\u017cenia ze statywu na terenie by\u0142ego obozu i stacji kolejowej<\/p>\t\t\t\t\t\t\t\t<\/div>\n\t\t\t\t<\/div>\n\t\t\t\t<div class=\"elementor-element elementor-element-682d5c5 elementor-widget elementor-widget-spacer\" data-id=\"682d5c5\" data-element_type=\"widget\" data-e-type=\"widget\" data-widget_type=\"spacer.default\">\n\t\t\t\t<div class=\"elementor-widget-container\">\n\t\t\t\t\t\t\t<div class=\"elementor-spacer\">\n\t\t\t<div class=\"elementor-spacer-inner\"><\/div>\n\t\t<\/div>\n\t\t\t\t\t\t<\/div>\n\t\t\t\t<\/div>\n\t\t\t\t<div class=\"elementor-element elementor-element-9582439 elementor-widget__width-initial elementor-widget elementor-widget-text-editor\" data-id=\"9582439\" data-element_type=\"widget\" data-e-type=\"widget\" data-widget_type=\"text-editor.default\">\n\t\t\t\t<div class=\"elementor-widget-container\">\n\t\t\t\t\t\t\t\t\t<p class=\"p1\"><b>Auschwitz-Birkenau<\/b> \u2013 ob\u00f3z-symbol, sk\u0142adaj\u0105cy si\u0119 z trzech g\u0142\u00f3wnych cz\u0119\u015bci i licznych podoboz\u00f3w. Ekipa filmowa\u0142a tak na terenie muzeum (Auschwitz I i Birkenau), jak i odpowiednio w mie\u015bcie O\u015bwi\u0119cim (rynek i stacja kolejowa) oraz wsi Brzezinka (wiadukt nad torami, stara rampa \u017cydowska, droga wzd\u0142u\u017c drutu kolczastego). W filmie znajduj\u0105 si\u0119 przebitki, wywiady nakr\u0119cono ze \u015bwiadkami w r\u00f3\u017cnych krajach<\/p>\t\t\t\t\t\t\t\t<\/div>\n\t\t\t\t<\/div>\n\t\t\t\t<div class=\"elementor-element elementor-element-adc2f46 elementor-widget elementor-widget-spacer\" data-id=\"adc2f46\" data-element_type=\"widget\" data-e-type=\"widget\" data-widget_type=\"spacer.default\">\n\t\t\t\t<div class=\"elementor-widget-container\">\n\t\t\t\t\t\t\t<div class=\"elementor-spacer\">\n\t\t\t<div class=\"elementor-spacer-inner\"><\/div>\n\t\t<\/div>\n\t\t\t\t\t\t<\/div>\n\t\t\t\t<\/div>\n\t\t\t\t<div class=\"elementor-element elementor-element-7ca70d6 elementor-widget__width-initial elementor-widget elementor-widget-text-editor\" data-id=\"7ca70d6\" data-element_type=\"widget\" data-e-type=\"widget\" data-widget_type=\"text-editor.default\">\n\t\t\t\t<div class=\"elementor-widget-container\">\n\t\t\t\t\t\t\t\t\t<p class=\"p1\"><b>Warszawa<\/b> \u2013 tu zrealizowano przebitki wywiad\u00f3w ze \u015bwiadkami rozproszonymi po \u015bwiecie: Janem Karskim (Wola), Symch\u0105 Rotemem i Icchakiem Cukiermanem (Muran\u00f3w, Centrum), historykiem Raulem Hilbergiem (cmentarz \u017cydowski) oraz Franzem Grasslerem (szwenki z dachu wie\u017cowca Intraco na Muranowie)<\/p>\t\t\t\t\t\t\t\t<\/div>\n\t\t\t\t<\/div>\n\t\t\t\t<\/div>\n\t\t\t\t\t<\/div>\n\t\t\t\t<\/div>\n\t\t<div class=\"elementor-element elementor-element-eb23f29 e-flex e-con-boxed e-con e-parent\" data-id=\"eb23f29\" data-element_type=\"container\" data-e-type=\"container\">\n\t\t\t\t\t<div class=\"e-con-inner\">\n\t\t\t\t\t<\/div>\n\t\t\t\t<\/div>\n\t\t\t\t<\/div>\n\t\t","protected":false},"excerpt":{"rendered":"<p>Menu Strona G\u0142\u00f3wna O Shoah Refotografowanie Shoah Rozdzia\u0142 pierwszy Rozdzia\u0142 drugi Biogramy Sfotografowane miejsca Podzi\u0119kowania Kontakt Media EN Sfotografowane miejsca [&hellip;]<\/p>\n","protected":false},"author":1,"featured_media":0,"parent":0,"menu_order":0,"comment_status":"closed","ping_status":"closed","template":"elementor_theme","meta":{"site-sidebar-layout":"default","site-content-layout":"","ast-site-content-layout":"","site-content-style":"default","site-sidebar-style":"default","ast-global-header-display":"disabled","ast-banner-title-visibility":"","ast-main-header-display":"","ast-hfb-above-header-display":"","ast-hfb-below-header-display":"","ast-hfb-mobile-header-display":"","site-post-title":"disabled","ast-breadcrumbs-content":"","ast-featured-img":"","footer-sml-layout":"","theme-transparent-header-meta":"","adv-header-id-meta":"","stick-header-meta":"","header-above-stick-meta":"","header-main-stick-meta":"","header-below-stick-meta":"","astra-migrate-meta-layouts":"default","ast-page-background-enabled":"default","ast-page-background-meta":{"desktop":{"background-color":"var(--ast-global-color-5)","background-image":"","background-repeat":"repeat","background-position":"center center","background-size":"auto","background-attachment":"scroll","background-type":"","background-media":"","overlay-type":"","overlay-color":"","overlay-opacity":"","overlay-gradient":""},"tablet":{"background-color":"","background-image":"","background-repeat":"repeat","background-position":"center center","background-size":"auto","background-attachment":"scroll","background-type":"","background-media":"","overlay-type":"","overlay-color":"","overlay-opacity":"","overlay-gradient":""},"mobile":{"background-color":"","background-image":"","background-repeat":"repeat","background-position":"center center","background-size":"auto","background-attachment":"scroll","background-type":"","background-media":"","overlay-type":"","overlay-color":"","overlay-opacity":"","overlay-gradient":""}},"ast-content-background-meta":{"desktop":{"background-color":"var(--ast-global-color-4)","background-image":"","background-repeat":"repeat","background-position":"center center","background-size":"auto","background-attachment":"scroll","background-type":"","background-media":"","overlay-type":"","overlay-color":"","overlay-opacity":"","overlay-gradient":""},"tablet":{"background-color":"var(--ast-global-color-4)","background-image":"","background-repeat":"repeat","background-position":"center center","background-size":"auto","background-attachment":"scroll","background-type":"","background-media":"","overlay-type":"","overlay-color":"","overlay-opacity":"","overlay-gradient":""},"mobile":{"background-color":"var(--ast-global-color-4)","background-image":"","background-repeat":"repeat","background-position":"center center","background-size":"auto","background-attachment":"scroll","background-type":"","background-media":"","overlay-type":"","overlay-color":"","overlay-opacity":"","overlay-gradient":""}},"footnotes":""},"class_list":["post-512","page","type-page","status-publish","hentry"],"_links":{"self":[{"href":"https:\/\/shoah.art\/index.php\/wp-json\/wp\/v2\/pages\/512","targetHints":{"allow":["GET"]}}],"collection":[{"href":"https:\/\/shoah.art\/index.php\/wp-json\/wp\/v2\/pages"}],"about":[{"href":"https:\/\/shoah.art\/index.php\/wp-json\/wp\/v2\/types\/page"}],"author":[{"embeddable":true,"href":"https:\/\/shoah.art\/index.php\/wp-json\/wp\/v2\/users\/1"}],"replies":[{"embeddable":true,"href":"https:\/\/shoah.art\/index.php\/wp-json\/wp\/v2\/comments?post=512"}],"version-history":[{"count":19,"href":"https:\/\/shoah.art\/index.php\/wp-json\/wp\/v2\/pages\/512\/revisions"}],"predecessor-version":[{"id":1378,"href":"https:\/\/shoah.art\/index.php\/wp-json\/wp\/v2\/pages\/512\/revisions\/1378"}],"wp:attachment":[{"href":"https:\/\/shoah.art\/index.php\/wp-json\/wp\/v2\/media?parent=512"}],"curies":[{"name":"wp","href":"https:\/\/api.w.org\/{rel}","templated":true}]}}